{"id":2,"date":"2025-08-18T19:15:18","date_gmt":"2025-08-18T22:15:18","guid":{"rendered":"https:\/\/marketing2.bio-trainer.com\/?page_id=2"},"modified":"2025-08-23T15:30:57","modified_gmt":"2025-08-23T18:30:57","slug":"reduzir-estresse-trabalho-vfc","status":"publish","type":"page","link":"https:\/\/marketing2.bio-trainer.com\/","title":{"rendered":"Como medir e reduzir o estresse no trabalho com biofeedback de VFC"},"content":{"rendered":"\t\t<div data-elementor-type=\"wp-page\" data-elementor-id=\"2\" class=\"elementor elementor-2\" data-elementor-post-type=\"page\">\n\t\t\t\t<div class=\"elementor-element elementor-element-da0b51f e-flex e-con-boxed e-con e-parent\" data-id=\"da0b51f\" data-element_type=\"container\" data-e-type=\"container\" data-settings=\"{&quot;background_background&quot;:&quot;classic&quot;}\">\n\t\t\t\t\t<div class=\"e-con-inner\">\n\t\t\t\t<div class=\"elementor-element elementor-element-f8b51be elementor-widget elementor-widget-image\" data-id=\"f8b51be\" data-element_type=\"widget\" data-e-type=\"widget\" data-widget_type=\"image.default\">\n\t\t\t\t\t\t\t\t\t\t\t\t\t\t\t<img fetchpriority=\"high\" decoding=\"async\" width=\"500\" height=\"250\" src=\"https:\/\/marketing2.bio-trainer.com\/wp-content\/uploads\/2025\/08\/Logo-Bio-Trainer.png\" class=\"attachment-large size-large wp-image-16\" alt=\"\" srcset=\"https:\/\/marketing2.bio-trainer.com\/wp-content\/uploads\/2025\/08\/Logo-Bio-Trainer.png 500w, https:\/\/marketing2.bio-trainer.com\/wp-content\/uploads\/2025\/08\/Logo-Bio-Trainer-300x150.png 300w\" sizes=\"(max-width: 500px) 100vw, 500px\" \/>\t\t\t\t\t\t\t\t\t\t\t\t\t\t\t<\/div>\n\t\t\t\t\t<\/div>\n\t\t\t\t<\/div>\n\t\t<div class=\"elementor-element elementor-element-13322fd1 e-flex e-con-boxed e-con e-parent\" data-id=\"13322fd1\" data-element_type=\"container\" data-e-type=\"container\" data-settings=\"{&quot;background_background&quot;:&quot;classic&quot;}\">\n\t\t\t\t\t<div class=\"e-con-inner\">\n\t\t\t\t<div class=\"elementor-element elementor-element-32560c9 elementor-widget elementor-widget-heading\" data-id=\"32560c9\" data-element_type=\"widget\" data-e-type=\"widget\" id=\"titulo-degrade\" data-widget_type=\"heading.default\">\n\t\t\t\t\t<h1 class=\"elementor-heading-title elementor-size-default\">Como medir e reduzir o estresse <br>no trabalho com biofeedback de VFC<\/h1>\t\t\t\t<\/div>\n\t\t\t\t<div class=\"elementor-element elementor-element-10d924b elementor-widget__width-initial elementor-widget elementor-widget-presto_video\" data-id=\"10d924b\" data-element_type=\"widget\" data-e-type=\"widget\" data-widget_type=\"presto_video.default\">\n\t\t\t\t<div class=\"elementor-widget-container\">\n\t\t\t\t\t<!--presto-player:video_id=1--><figure class=\"wp-block-video presto-block-video  presto-provider-youtube\" style=\"--plyr-color-main: var(--presto-player-highlight-color, #00b3ff); --presto-player-logo-width: 150px; \">\n\t<presto-player \n\t\tpreset='{&quot;id&quot;:4,&quot;name&quot;:&quot;Minimal&quot;,&quot;slug&quot;:&quot;minimal&quot;,&quot;icon&quot;:&quot;controls-play&quot;,&quot;skin&quot;:&quot;modern&quot;,&quot;play-large&quot;:true,&quot;rewind&quot;:false,&quot;play&quot;:false,&quot;fast-forward&quot;:false,&quot;progress&quot;:false,&quot;current-time&quot;:false,&quot;mute&quot;:false,&quot;volume&quot;:false,&quot;speed&quot;:false,&quot;pip&quot;:false,&quot;fullscreen&quot;:false,&quot;captions&quot;:false,&quot;reset_on_end&quot;:true,&quot;auto_hide&quot;:false,&quot;show_time_elapsed&quot;:false,&quot;captions_enabled&quot;:false,&quot;save_player_position&quot;:false,&quot;sticky_scroll&quot;:false,&quot;sticky_scroll_position&quot;:&quot;bottom right&quot;,&quot;on_video_end&quot;:&quot;select&quot;,&quot;play_video_viewport&quot;:false,&quot;hide_youtube&quot;:true,&quot;lazy_load_youtube&quot;:false,&quot;hide_logo&quot;:true,&quot;border_radius&quot;:0,&quot;caption_style&quot;:&quot;&quot;,&quot;caption_background&quot;:&quot;&quot;,&quot;is_locked&quot;:true,&quot;cta&quot;:[&quot;&quot;],&quot;watermark&quot;:[&quot;&quot;],&quot;search&quot;:[&quot;&quot;],&quot;email_collection&quot;:[&quot;&quot;],&quot;action_bar&quot;:[&quot;&quot;],&quot;created_by&quot;:1,&quot;created_at&quot;:&quot;2025-08-19 11:02:16&quot;,&quot;updated_at&quot;:&quot;2025-08-19 11:02:16&quot;,&quot;deleted_at&quot;:&quot;&quot;}'\n\t\tbranding='{&quot;logo&quot;:&quot;&quot;,&quot;color&quot;:&quot;#00b3ff&quot;,&quot;logo_width&quot;:150,&quot;player_css&quot;:&quot;&quot;}'\n\t\tchapters='[]'\n\t\toverlays='[]'\n\t\ttracks='[]'\n\t\tblock-attributes='{&quot;playsInline&quot;:true,&quot;id&quot;:1,&quot;src&quot;:&quot;https:\\\/\\\/youtu.be\\\/uDux-A9LHko?si=CIhM-a0cyosXHcWS&quot;,&quot;preset&quot;:4,&quot;video_id&quot;:&quot;uDux-A9LHko&quot;,&quot;title&quot;:&quot;Como medir e reduzir o estresse no trabalho com biofeedback de VFC&quot;}'\n\t\tanalytics=''\n\t\tautomations\t\tprovider='youtube'\n\t\t\t\tid=\"presto-player-1\"\n\t\tsrc=\"\/\/www.youtube.com\/embed\/uDux-A9LHko?iv_load_policy=3&amp;modestbranding=1&amp;playinline=1&amp;showinfo=0&amp;rel=0&amp;enablejsapi=1\"\n\t\tmedia-title=\"Como medir e reduzir o estresse no trabalho com biofeedback de VFC\"\n\t\tcss=\"\"\n\t\tclass=\"presto-video-id-1 presto-preset-id-4 skin-modern\"\n\t\tskin=\"modern\" \n\t\ticon-url=\"https:\/\/marketing2.bio-trainer.com\/wp-content\/plugins\/presto-player\/img\/sprite.svg\" \n\t\tpreload=\"\" \n\t\tposter=\"\"\n\t\tyoutube=\"{&quot;noCookie&quot;:false,&quot;channelId&quot;:&quot;&quot;,&quot;show_count&quot;:false}\"\n\t\tprovider-video-id=\"uDux-A9LHko\"\n\t\tvideo-id=\"1\"\n\t\t\t\tvideo-attributes='{}'\n\t\tplaysinline\t\t\t\t>\n\t\t\n    <div class=\"presto-iframe-fallback-container\">\n        <iframe style=\"width: 100%\" title=\"Youtube Video\" class=\"presto-fallback-iframe\" id=\"presto-iframe-fallback-1\" data-src=\"https:\/\/www.youtube.com\/embed\/uDux-A9LHko?iv_load_policy=3&amp;modestbranding=1&amp;playsinline=1&amp;showinfo=0&amp;rel=0&amp;enablejsapi=1\" allowfullscreen allowtransparency allow=\"autoplay\"><\/iframe>\n    <\/div>\n\n\t<\/presto-player>\n<\/figure>\t\t\t\t<\/div>\n\t\t\t\t<\/div>\n\t\t\t\t\t<\/div>\n\t\t\t\t<\/div>\n\t\t<div class=\"elementor-element elementor-element-10ddebb e-flex e-con-boxed e-con e-parent\" data-id=\"10ddebb\" data-element_type=\"container\" data-e-type=\"container\" data-settings=\"{&quot;background_background&quot;:&quot;classic&quot;}\">\n\t\t\t\t\t<div class=\"e-con-inner\">\n\t\t<div class=\"elementor-element elementor-element-49fe461 e-con-full e-flex e-con e-child\" data-id=\"49fe461\" data-element_type=\"container\" data-e-type=\"container\">\n\t\t\t\t<\/div>\n\t\t<div class=\"elementor-element elementor-element-cb261f2 e-con-full e-flex e-con e-child\" data-id=\"cb261f2\" data-element_type=\"container\" data-e-type=\"container\">\n\t\t\t\t<div class=\"elementor-element elementor-element-a727ea2 elementor-widget elementor-widget-text-editor\" data-id=\"a727ea2\" data-element_type=\"widget\" data-e-type=\"widget\" data-widget_type=\"text-editor.default\">\n\t\t\t\t\t\t\t\t\t<p>Mais informa\u00e7\u00f5es ao t\u00e9rmino do v\u00eddeo.<\/p>\t\t\t\t\t\t\t\t<\/div>\n\t\t\t\t<div class=\"elementor-element elementor-element-f7ab3df elementor-widget elementor-widget-shortcode\" data-id=\"f7ab3df\" data-element_type=\"widget\" data-e-type=\"widget\" data-widget_type=\"shortcode.default\">\n\t\t\t\t\t\t\t<div class=\"elementor-shortcode\"><script>\n  document.addEventListener(\"DOMContentLoaded\", function() {\n    setTimeout(function(){\n      document.getElementById(\"botao-delay\").style.display = \"inline-block\";\n    }, 860000); \/\/ tempo em milissegundos \u2014 aqui 10 segundos\n  });\n<\/script><\/div>\n\t\t\t\t\t\t<\/div>\n\t\t\t\t<div class=\"elementor-element elementor-element-0a0d958 elementor-align-center elementor-widget elementor-widget-button\" data-id=\"0a0d958\" data-element_type=\"widget\" data-e-type=\"widget\" id=\"botao-delay\" data-widget_type=\"button.default\">\n\t\t\t\t\t\t\t\t\t\t<a class=\"elementor-button elementor-button-link elementor-size-sm\" href=\"https:\/\/bio-trainer.com\/\">\n\t\t\t\t\t\t<span class=\"elementor-button-content-wrapper\">\n\t\t\t\t\t\t\t\t\t<span class=\"elementor-button-text\">Saiba mais sobre o Bio-Trainer<\/span>\n\t\t\t\t\t<\/span>\n\t\t\t\t\t<\/a>\n\t\t\t\t\t\t\t\t<\/div>\n\t\t\t\t<\/div>\n\t\t<div class=\"elementor-element elementor-element-7c7d69f e-con-full e-flex e-con e-child\" data-id=\"7c7d69f\" data-element_type=\"container\" data-e-type=\"container\">\n\t\t\t\t<\/div>\n\t\t\t\t\t<\/div>\n\t\t\t\t<\/div>\n\t\t<div class=\"elementor-element elementor-element-06b0334 e-flex e-con-boxed e-con e-parent\" data-id=\"06b0334\" data-element_type=\"container\" data-e-type=\"container\">\n\t\t\t\t\t<div class=\"e-con-inner\">\n\t\t\t\t<div class=\"elementor-element elementor-element-9ab8a5e elementor-widget elementor-widget-text-editor\" data-id=\"9ab8a5e\" data-element_type=\"widget\" data-e-type=\"widget\" data-widget_type=\"text-editor.default\">\n\t\t\t\t\t\t\t\t\t<p>\u00a9 2025 Bio-Trainer &#8211; Todos os direitos reservados.<\/p>\t\t\t\t\t\t\t\t<\/div>\n\t\t\t\t\t<\/div>\n\t\t\t\t<\/div>\n\t\t<div class=\"elementor-element elementor-element-2b7c753 e-flex e-con-boxed e-con e-parent\" data-id=\"2b7c753\" data-element_type=\"container\" data-e-type=\"container\">\n\t\t\t\t\t<div class=\"e-con-inner\">\n\t\t\t\t\t<\/div>\n\t\t\t\t<\/div>\n\t\t\t\t<\/div>\n\t\t","protected":false},"excerpt":{"rendered":"<p>Como medir e reduzir o estresse no trabalho com biofeedback de VFC Mais informa\u00e7\u00f5es ao t\u00e9rmino do v\u00eddeo. Saiba mais sobre o Bio-Trainer \u00a9 2025 Bio-Trainer &#8211; Todos os direitos reservados.<\/p>\n","protected":false},"author":1,"featured_media":81,"parent":0,"menu_order":0,"comment_status":"closed","ping_status":"closed","template":"elementor_canvas","meta":{"footnotes":""},"class_list":["post-2","page","type-page","status-publish","has-post-thumbnail","hentry"],"_links":{"self":[{"href":"https:\/\/marketing2.bio-trainer.com\/index.php\/wp-json\/wp\/v2\/pages\/2","targetHints":{"allow":["GET"]}}],"collection":[{"href":"https:\/\/marketing2.bio-trainer.com\/index.php\/wp-json\/wp\/v2\/pages"}],"about":[{"href":"https:\/\/marketing2.bio-trainer.com\/index.php\/wp-json\/wp\/v2\/types\/page"}],"author":[{"embeddable":true,"href":"https:\/\/marketing2.bio-trainer.com\/index.php\/wp-json\/wp\/v2\/users\/1"}],"replies":[{"embeddable":true,"href":"https:\/\/marketing2.bio-trainer.com\/index.php\/wp-json\/wp\/v2\/comments?post=2"}],"version-history":[{"count":0,"href":"https:\/\/marketing2.bio-trainer.com\/index.php\/wp-json\/wp\/v2\/pages\/2\/revisions"}],"wp:featuredmedia":[{"embeddable":true,"href":"https:\/\/marketing2.bio-trainer.com\/index.php\/wp-json\/wp\/v2\/media\/81"}],"wp:attachment":[{"href":"https:\/\/marketing2.bio-trainer.com\/index.php\/wp-json\/wp\/v2\/media?parent=2"}],"curies":[{"name":"wp","href":"https:\/\/api.w.org\/{rel}","templated":true}]}}